{"id":276,"date":"2025-01-06T08:07:54","date_gmt":"2025-01-06T08:07:54","guid":{"rendered":"http:\/\/superfood.elated-themes.com\/?post_type=product&#038;p=276"},"modified":"2025-12-07T19:24:58","modified_gmt":"2025-12-07T19:24:58","slug":"potazodmuskatnebundeve","status":"publish","type":"product","link":"https:\/\/jakovov.com\/prirodniprah\/proizvodi\/potazodmuskatnebundeve\/","title":{"rendered":"Jakovov pota\u017e od muskatne bundeve"},"content":{"rendered":"<p><span style=\"color: #333333;\">Energetska vrednost: 1478 kJ \/ 348 kcal<\/span><\/p>\n<div class=\"eltdf-separator-holder clearfix  eltdf-separator-left eltdf-separator-normal\">\n\t<div class=\"eltdf-separator\" style=\"border-color: #13bbba;border-style: solid;width: 350px;border-bottom-width: 1px\"><\/div>\n<\/div>\n\n<p><span style=\"color: #333333;\">Masti: <strong> 1,26<\/strong> * od kojih zasi\u0107ene masne kiseline <strong>0,36<\/strong><\/span><\/p>\n<div class=\"eltdf-separator-holder clearfix  eltdf-separator-left eltdf-separator-normal\">\n\t<div class=\"eltdf-separator\" style=\"border-color: #13bbba;border-style: solid;width: 350px;border-bottom-width: 1px\"><\/div>\n<\/div>\n\n<p><span style=\"color: #333333;\">Ugljeni hidrati: <strong>74,82<\/strong> * od kojih se\u0107eri <strong>35,44<\/strong><\/span><\/p>\n<div class=\"eltdf-separator-holder clearfix  eltdf-separator-left eltdf-separator-normal\">\n\t<div class=\"eltdf-separator\" style=\"border-color: #13bbba;border-style: solid;width: 350px;border-bottom-width: 1px\"><\/div>\n<\/div>\n\n<p><span style=\"color: #333333;\">Proteini: \u00a0<strong>9,39<\/strong><\/span><\/p>\n<div class=\"eltdf-separator-holder clearfix  eltdf-separator-left eltdf-separator-normal\">\n\t<div class=\"eltdf-separator\" style=\"border-color: #13bbba;border-style: solid;width: 350px;border-bottom-width: 1px\"><\/div>\n<\/div>\n\n<p><span style=\"color: #333333;\">So: <strong>0,05<\/strong><\/span><\/p>\n<div class=\"eltdf-separator-holder clearfix  eltdf-separator-left eltdf-separator-normal\">\n\t<div class=\"eltdf-separator\" style=\"border-color: #13bbba;border-style: solid;width: 350px;border-bottom-width: 1px\"><\/div>\n<\/div>\n\n<p><span style=\"color: #333333;\">ROK UPOTREBE: Utisnuto na omotu<\/span><br \/>\n<span style=\"color: #333333;\"><strong>\u010cuvati na temperaturi do 25\u00b0C<\/strong><\/span><\/p>\n<div class=\"eltdf-separator-holder clearfix  eltdf-separator-left eltdf-separator-normal\">\n\t<div class=\"eltdf-separator\" style=\"border-color: #13bbba;border-style: solid;width: 350px;border-bottom-width: 1px\"><\/div>\n<\/div>\n\n<p><span style=\"color: #333333;\">Zemlja porekla: Republika Srbija<\/span><\/p>\n","protected":false},"excerpt":{"rendered":"<h5><span style=\"color: #4bd4cd;\"><strong>Neto: 60gr<\/strong><\/span><\/h5>\n<p><strong>100% prirodan pota\u017e sastavljen od povr\u0107a, bez ikakvih dodataka.<\/strong> Ne\u017eno su\u0161eno i mleveno povr\u0107e sa sa\u010duvanim nutritivnim vrednostima ekvivalent je sve\u017eem, 60g = 600g sve\u017eeg. Pota\u017e je kao takav pogodan za brzo spremanje kvalitetnog i zdravog obroka.<\/p>\n<p>Sastojci: muskatna bundeva u prahu (60%), krompir u prahu (20%), \u0161argarepa u prahu (10%) , pa\u0161trnak u prahu (6%), luk u prahu (4%).<\/p>\n<p>&nbsp;<\/p>\n<hr \/>\n<p><em>NA\u010cIN PRIPREME: Pota\u017e se priprema tako \u0161to prokuvate vodu. Kada proklju\u010da skinite sa vatre i dodajte sadr\u017eaj iz kesice. Ostavite da odstoji 5-7min. Zatim po ukusu dodati za\u010dine. (so, biber, maslinovo ulje, biljnu pavlaku, semenke&#8230;<\/em><\/p>\n<p><strong>Pakovanje sadr\u017ei 4 porcije<\/strong><\/p>\n<hr \/>\n<p>&nbsp;<\/p>\n","protected":false},"featured_media":11702,"template":"","meta":[],"product_brand":[],"product_cat":[102],"product_tag":[],"class_list":{"0":"post-276","1":"product","2":"type-product","3":"status-publish","4":"has-post-thumbnail","6":"product_cat-prah-brasno","8":"first","9":"outofstock","10":"shipping-taxable","11":"product-type-simple"},"jetpack_sharing_enabled":true,"_links":{"self":[{"href":"https:\/\/jakovov.com\/prirodniprah\/wp-json\/wp\/v2\/product\/276","targetHints":{"allow":["GET"]}}],"collection":[{"href":"https:\/\/jakovov.com\/prirodniprah\/wp-json\/wp\/v2\/product"}],"about":[{"href":"https:\/\/jakovov.com\/prirodniprah\/wp-json\/wp\/v2\/types\/product"}],"wp:featuredmedia":[{"embeddable":true,"href":"https:\/\/jakovov.com\/prirodniprah\/wp-json\/wp\/v2\/media\/11702"}],"wp:attachment":[{"href":"https:\/\/jakovov.com\/prirodniprah\/wp-json\/wp\/v2\/media?parent=276"}],"wp:term":[{"taxonomy":"product_brand","embeddable":true,"href":"https:\/\/jakovov.com\/prirodniprah\/wp-json\/wp\/v2\/product_brand?post=276"},{"taxonomy":"product_cat","embeddable":true,"href":"https:\/\/jakovov.com\/prirodniprah\/wp-json\/wp\/v2\/product_cat?post=276"},{"taxonomy":"product_tag","embeddable":true,"href":"https:\/\/jakovov.com\/prirodniprah\/wp-json\/wp\/v2\/product_tag?post=276"}],"curies":[{"name":"wp","href":"https:\/\/api.w.org\/{rel}","templated":true}]}}