{"id":12362,"date":"2026-03-09T22:25:07","date_gmt":"2026-03-09T22:25:07","guid":{"rendered":"https:\/\/jakovov.com\/prirodniprah\/?post_type=product&#038;p=12362"},"modified":"2026-03-18T18:05:22","modified_gmt":"2026-03-18T18:05:22","slug":"4xcips-od-jabuka","status":"publish","type":"product","link":"https:\/\/jakovov.com\/prirodniprah\/proizvodi\/4xcips-od-jabuka\/","title":{"rendered":"4\u00d7\u010dips od jabuka"},"content":{"rendered":"<p class=\"p1\">Prose\u010dne hranljive vrednosti u 100g proizvoda :<\/p>\n<p><span style=\"color: #333333;\">Energetska vrednost: <\/span><strong>1258,25 kJ\/ 296,4 kcal<\/strong><\/p>\n<div class=\"eltdf-separator-holder clearfix  eltdf-separator-left eltdf-separator-normal\">\n\t<div class=\"eltdf-separator\" style=\"border-color: #13bbba;border-style: solid;width: 350px;border-bottom-width: 1px\"><\/div>\n<\/div>\n\n<p class=\"p1\">Masti :<span class=\"Apple-converted-space\">\u00a0 <\/span><strong>0,85g.<\/strong> Od kojih<span class=\"Apple-converted-space\">\u00a0 <\/span>zasi\u0107ene masne kiseline <strong>&lt;0,22g<\/strong><\/p>\n<div class=\"eltdf-separator-holder clearfix  eltdf-separator-left eltdf-separator-normal\">\n\t<div class=\"eltdf-separator\" style=\"border-color: #13bbba;border-style: solid;width: 350px;border-bottom-width: 1px\"><\/div>\n<\/div>\n\n<p class=\"p1\">Ugljeni hidrati<span class=\"Apple-converted-space\">\u00a0 <\/span><strong>86,33g<\/strong><span style=\"color: #333333;\"> * od kojih se\u0107eri: <strong>59,29<\/strong><\/span><strong>g<\/strong><\/p>\n<div class=\"eltdf-separator-holder clearfix  eltdf-separator-left eltdf-separator-normal\">\n\t<div class=\"eltdf-separator\" style=\"border-color: #13bbba;border-style: solid;width: 350px;border-bottom-width: 1px\"><\/div>\n<\/div>\n\n<p class=\"p1\">Proteini: <strong>5,41g<\/strong><\/p>\n<div class=\"eltdf-separator-holder clearfix  eltdf-separator-left eltdf-separator-normal\">\n\t<div class=\"eltdf-separator\" style=\"border-color: #13bbba;border-style: solid;width: 350px;border-bottom-width: 1px\"><\/div>\n<\/div>\n\n<p><span style=\"color: #333333;\">So: <strong>0,07g<\/strong><\/span><\/p>\n<div class=\"eltdf-separator-holder clearfix  eltdf-separator-left eltdf-separator-normal\">\n\t<div class=\"eltdf-separator\" style=\"border-color: #13bbba;border-style: solid;width: 350px;border-bottom-width: 1px\"><\/div>\n<\/div>\n\n<p><span style=\"color: #333333;\">ROK UPOTREBE: Utisnuto na omotu<\/span><br \/>\n<span style=\"color: #333333;\"><strong>\u010cuvati na temperaturi do 25\u00b0C<\/strong><\/span><\/p>\n<div class=\"eltdf-separator-holder clearfix  eltdf-separator-left eltdf-separator-normal\">\n\t<div class=\"eltdf-separator\" style=\"border-color: #13bbba;border-style: solid;width: 350px;border-bottom-width: 1px\"><\/div>\n<\/div>\n\n<p><span style=\"color: #333333;\">Zemlja porekla: Republika Srbija<\/span><\/p>\n<div style=\"all: initial !important;\"><\/div>\n<div style=\"all: initial !important;\"><\/div>\n","protected":false},"excerpt":{"rendered":"<p>\u2714 BESPLATNA DOSTAVA \u2013 bez skrivenih tro\u0161kova<br \/>\n\u2714 Pla\u0107anje pouze\u0107em<br \/>\n\u2714 Isporuka 24\u201348h<\/p>\n<p><strong>Kratki opis :<\/strong><\/p>\n<p>100% prirodno su\u0161eni kolutovi jabuke<br \/>\nBez dodatog \u0161e\u0107era, aditiva i konzervansa<br \/>\nSve\u017ea jabuka, su\u0161ena na niskoj temperaturi, bez dodatka \u0161e\u0107era, konzervansa i aditiva, idealna grickalica u \u0161koli, kancelariji, treningu.<br \/>\nPreporu\u010dena doza 20g deca, do 60g sportisti. Idealna za dijabeti\u010dare i dijete.<\/p>\n<p><strong>Tehni\u010dki podaci:<\/strong><\/p>\n<p>Neto: 240 g (4\u00d760 g)<br \/>\nVEGAN \u00b7 GLUTEN-FREE<\/p>\n","protected":false},"featured_media":12394,"template":"","meta":[],"product_brand":[],"product_cat":[167],"product_tag":[],"class_list":{"0":"post-12362","1":"product","2":"type-product","3":"status-publish","4":"has-post-thumbnail","6":"product_cat-paketi-proizvoda","8":"first","9":"instock","10":"sale","11":"shipping-taxable","12":"purchasable","13":"product-type-simple"},"jetpack_sharing_enabled":true,"_links":{"self":[{"href":"https:\/\/jakovov.com\/prirodniprah\/wp-json\/wp\/v2\/product\/12362","targetHints":{"allow":["GET"]}}],"collection":[{"href":"https:\/\/jakovov.com\/prirodniprah\/wp-json\/wp\/v2\/product"}],"about":[{"href":"https:\/\/jakovov.com\/prirodniprah\/wp-json\/wp\/v2\/types\/product"}],"wp:featuredmedia":[{"embeddable":true,"href":"https:\/\/jakovov.com\/prirodniprah\/wp-json\/wp\/v2\/media\/12394"}],"wp:attachment":[{"href":"https:\/\/jakovov.com\/prirodniprah\/wp-json\/wp\/v2\/media?parent=12362"}],"wp:term":[{"taxonomy":"product_brand","embeddable":true,"href":"https:\/\/jakovov.com\/prirodniprah\/wp-json\/wp\/v2\/product_brand?post=12362"},{"taxonomy":"product_cat","embeddable":true,"href":"https:\/\/jakovov.com\/prirodniprah\/wp-json\/wp\/v2\/product_cat?post=12362"},{"taxonomy":"product_tag","embeddable":true,"href":"https:\/\/jakovov.com\/prirodniprah\/wp-json\/wp\/v2\/product_tag?post=12362"}],"curies":[{"name":"wp","href":"https:\/\/api.w.org\/{rel}","templated":true}]}}