{"id":12165,"date":"2025-12-04T22:56:07","date_gmt":"2025-12-04T22:56:07","guid":{"rendered":"https:\/\/jakovov.com\/prirodniprah\/?post_type=product&#038;p=12165"},"modified":"2026-02-26T14:54:17","modified_gmt":"2026-02-26T14:54:17","slug":"jakovov-antiox-p0wer-mix","status":"publish","type":"product","link":"https:\/\/jakovov.com\/prirodniprah\/proizvodi\/jakovov-antiox-p0wer-mix\/","title":{"rendered":"JAKOVOV ANTIOX P0WER MIX"},"content":{"rendered":"<p>Jakovov Antiox Power Mix je savr\u0161en paket za one koji \u017eele maksimum iz prirode.<\/p>\n<p>U ovom paketu nalazi se sve \u0161to ja\u010da imunitet, daje energiju i \u010disti organizam \u2013 potpuno prirodno, bez aditiva i \u0161e\u0107era.<\/p>\n<p><strong>Za\u0161to je poseban:<\/strong><\/p>\n<p>Visok sadr\u017eaj antioksidanasa<\/p>\n<p>100% prirodno i bez dodatog \u0161e\u0107era<\/p>\n<p>Kombinacija vlakana, vitamina i minerala<\/p>\n<p>Idealno za porodicu, posao, trening ili zdrav snack svaki dan<\/p>\n","protected":false},"excerpt":{"rendered":"<p>\u2714 BESPLATNA DOSTAVA \u2013 bez skrivenih tro\u0161kova<br \/>\n\u2714 Pla\u0107anje pouze\u0107em<br \/>\n\u2714 Isporuka 24\u201348h<\/p>\n<p><strong>Kratki opis :<\/strong><\/p>\n<p>100% prirodno<br \/>\nBez dodatog \u0161e\u0107era, aditiva i konzervansa<\/p>\n<p>2\u00d7 kru\u0161ke 2 \u00d7 \u010dips jabuke 1 \u00d7 malina prah 1 \u00d7 kupina prah 1\u00d7 jabuka prah 1 \u00d7 muskatna bundeva prah<br \/>\nU\u0161tedite 1100 rsd, u\u017eivajte i osetite razliku \u2014 Antiox Power Mix je komplet zdravlja u jednoj ku\u0107noj dostavi.<\/p>\n","protected":false},"featured_media":12192,"template":"","meta":[],"product_brand":[],"product_cat":[167],"product_tag":[],"class_list":{"0":"post-12165","1":"product","2":"type-product","3":"status-publish","4":"has-post-thumbnail","6":"product_cat-paketi-proizvoda","7":"product_shipping_class-besplatna-dostava","9":"first","10":"instock","11":"sale","12":"shipping-taxable","13":"purchasable","14":"product-type-simple"},"jetpack_sharing_enabled":true,"_links":{"self":[{"href":"https:\/\/jakovov.com\/prirodniprah\/wp-json\/wp\/v2\/product\/12165","targetHints":{"allow":["GET"]}}],"collection":[{"href":"https:\/\/jakovov.com\/prirodniprah\/wp-json\/wp\/v2\/product"}],"about":[{"href":"https:\/\/jakovov.com\/prirodniprah\/wp-json\/wp\/v2\/types\/product"}],"wp:featuredmedia":[{"embeddable":true,"href":"https:\/\/jakovov.com\/prirodniprah\/wp-json\/wp\/v2\/media\/12192"}],"wp:attachment":[{"href":"https:\/\/jakovov.com\/prirodniprah\/wp-json\/wp\/v2\/media?parent=12165"}],"wp:term":[{"taxonomy":"product_brand","embeddable":true,"href":"https:\/\/jakovov.com\/prirodniprah\/wp-json\/wp\/v2\/product_brand?post=12165"},{"taxonomy":"product_cat","embeddable":true,"href":"https:\/\/jakovov.com\/prirodniprah\/wp-json\/wp\/v2\/product_cat?post=12165"},{"taxonomy":"product_tag","embeddable":true,"href":"https:\/\/jakovov.com\/prirodniprah\/wp-json\/wp\/v2\/product_tag?post=12165"}],"curies":[{"name":"wp","href":"https:\/\/api.w.org\/{rel}","templated":true}]}}