{"id":12159,"date":"2025-12-04T21:09:42","date_gmt":"2025-12-04T21:09:42","guid":{"rendered":"https:\/\/jakovov.com\/prirodniprah\/?post_type=product&#038;p=12159"},"modified":"2026-02-26T15:01:01","modified_gmt":"2026-02-26T15:01:01","slug":"jakovov-antiox-vital-mix","status":"publish","type":"product","link":"https:\/\/jakovov.com\/prirodniprah\/proizvodi\/jakovov-antiox-vital-mix\/","title":{"rendered":"JAKOVOV ANTIOX VITAL MIX"},"content":{"rendered":"<p>Jakovov Antiox Vital Mix je savr\u0161en paket za sve koji \u017eele da prirodnim putem oja\u010daju imunitet, dobiju stabilnu energiju i uvedu zdravu rutinu u svakodnevicu.<\/p>\n<p>U ovoj kombinaciji nalazi se \u010disto vo\u0107e bez aditiva, bez dodatog \u0161e\u0107era i bez kompromisa \u2013 samo prirodan ukus, vitamini, vlakna i antioksidansi.<\/p>\n<p><strong>Za\u0161to je poseban:<\/strong><\/p>\n<p>Visoka doza prirodnih antioksidanasa<\/p>\n<p>Prirodna energija i zdravi \u0161e\u0107eri<\/p>\n<p>Vlakna za dobru probavu i sitost<\/p>\n<p>100% prirodno, bez aditiva i bez dodatog \u0161e\u0107era<\/p>\n<p>Idealno za porodicu, posao, trening ili svakodnevni zdrav snack<\/p>\n<div style=\"all: initial !important;\"><\/div>\n","protected":false},"excerpt":{"rendered":"<p>\u2714 BESPLATNA DOSTAVA \u2013 bez skrivenih tro\u0161kova<br \/>\n\u2714 Pla\u0107anje pouze\u0107em<br \/>\n\u2714 Isporuka 24\u201348h<\/p>\n<p><strong>Kratki opis :<\/strong><\/p>\n<p>100% prirodno<br \/>\nBez dodatog \u0161e\u0107era, aditiva i konzervansa<\/p>\n<p>3\u00d7 kruska 2\u00d7 \u010dips jabuka 1\u00d7malina prah 1 \u00d7 kupina prah<br \/>\nU\u0161tedite 1160 RSD i u\u017eivajte u paketu koji donosi energiju, \u010disti organizam i ja\u010da imunitet \u2014 Antiox Vital Mix je zdrav izbor koji se isplati.<\/p>\n","protected":false},"featured_media":12193,"template":"","meta":[],"product_brand":[],"product_cat":[167],"product_tag":[],"class_list":{"0":"post-12159","1":"product","2":"type-product","3":"status-publish","4":"has-post-thumbnail","6":"product_cat-paketi-proizvoda","7":"product_shipping_class-besplatna-dostava","9":"first","10":"instock","11":"sale","12":"shipping-taxable","13":"purchasable","14":"product-type-simple"},"jetpack_sharing_enabled":true,"_links":{"self":[{"href":"https:\/\/jakovov.com\/prirodniprah\/wp-json\/wp\/v2\/product\/12159","targetHints":{"allow":["GET"]}}],"collection":[{"href":"https:\/\/jakovov.com\/prirodniprah\/wp-json\/wp\/v2\/product"}],"about":[{"href":"https:\/\/jakovov.com\/prirodniprah\/wp-json\/wp\/v2\/types\/product"}],"wp:featuredmedia":[{"embeddable":true,"href":"https:\/\/jakovov.com\/prirodniprah\/wp-json\/wp\/v2\/media\/12193"}],"wp:attachment":[{"href":"https:\/\/jakovov.com\/prirodniprah\/wp-json\/wp\/v2\/media?parent=12159"}],"wp:term":[{"taxonomy":"product_brand","embeddable":true,"href":"https:\/\/jakovov.com\/prirodniprah\/wp-json\/wp\/v2\/product_brand?post=12159"},{"taxonomy":"product_cat","embeddable":true,"href":"https:\/\/jakovov.com\/prirodniprah\/wp-json\/wp\/v2\/product_cat?post=12159"},{"taxonomy":"product_tag","embeddable":true,"href":"https:\/\/jakovov.com\/prirodniprah\/wp-json\/wp\/v2\/product_tag?post=12159"}],"curies":[{"name":"wp","href":"https:\/\/api.w.org\/{rel}","templated":true}]}}