{"id":12136,"date":"2025-01-07T13:47:44","date_gmt":"2025-01-07T13:47:44","guid":{"rendered":"https:\/\/jakovov.com\/prirodniprah\/?post_type=product&#038;p=12136"},"modified":"2025-12-07T19:25:51","modified_gmt":"2025-12-07T19:25:51","slug":"kruska-suseni-komadi","status":"publish","type":"product","link":"https:\/\/jakovov.com\/prirodniprah\/proizvodi\/kruska-suseni-komadi\/","title":{"rendered":"KRU\u0160KA &#8211; su\u0161eni komadi"},"content":{"rendered":"<p class=\"p1\">Prose\u010dne hranljive vrednosti u 100g proizvoda :<\/p>\n<p><span style=\"color: #333333;\">Energetska vrednost: <\/span><strong>1412 kJ\/ 332 kcal<\/strong><\/p>\n<div class=\"eltdf-separator-holder clearfix  eltdf-separator-left eltdf-separator-normal\">\n\t<div class=\"eltdf-separator\" style=\"border-color: #13bbba;border-style: solid;width: 350px;border-bottom-width: 1px\"><\/div>\n<\/div>\n\n<p class=\"p1\">Masti :<span class=\"Apple-converted-space\">\u00a0 <\/span><strong>0,01g.<\/strong> Od kojih<span class=\"Apple-converted-space\">\u00a0 <\/span>zasi\u0107ene masne kiseline <strong>&lt;0,1g<\/strong><\/p>\n<div class=\"eltdf-separator-holder clearfix  eltdf-separator-left eltdf-separator-normal\">\n\t<div class=\"eltdf-separator\" style=\"border-color: #13bbba;border-style: solid;width: 350px;border-bottom-width: 1px\"><\/div>\n<\/div>\n\n<p class=\"p1\">Ugljeni hidrati<span class=\"Apple-converted-space\">\u00a0 <\/span><strong>81,19g<\/strong><span style=\"color: #333333;\"> * od kojih se\u0107eri: <\/span><strong>75,83g<\/strong><\/p>\n<div class=\"eltdf-separator-holder clearfix  eltdf-separator-left eltdf-separator-normal\">\n\t<div class=\"eltdf-separator\" style=\"border-color: #13bbba;border-style: solid;width: 350px;border-bottom-width: 1px\"><\/div>\n<\/div>\n\n<p class=\"p1\">Proteini: <strong>1,83g<\/strong><\/p>\n<div class=\"eltdf-separator-holder clearfix  eltdf-separator-left eltdf-separator-normal\">\n\t<div class=\"eltdf-separator\" style=\"border-color: #13bbba;border-style: solid;width: 350px;border-bottom-width: 1px\"><\/div>\n<\/div>\n\n<p><span style=\"color: #333333;\">So: <strong>0,2g<\/strong><\/span><\/p>\n<div class=\"eltdf-separator-holder clearfix  eltdf-separator-left eltdf-separator-normal\">\n\t<div class=\"eltdf-separator\" style=\"border-color: #13bbba;border-style: solid;width: 350px;border-bottom-width: 1px\"><\/div>\n<\/div>\n\n<p><span style=\"color: #333333;\">ROK UPOTREBE: Utisnuto na omotu<\/span><br \/>\n<span style=\"color: #333333;\"><strong>\u010cuvati na temperaturi do 25\u00b0C<\/strong><\/span><\/p>\n<div class=\"eltdf-separator-holder clearfix  eltdf-separator-left eltdf-separator-normal\">\n\t<div class=\"eltdf-separator\" style=\"border-color: #13bbba;border-style: solid;width: 350px;border-bottom-width: 1px\"><\/div>\n<\/div>\n\n<p><span style=\"color: #333333;\">Zemlja porekla: Republika Srbija<\/span><\/p>\n","protected":false},"excerpt":{"rendered":"<h5><span style=\"color: #4bd4cd;\"><strong>Neto: 200gr<\/strong><\/span><\/h5>\n<p>KRU\u0160KA \u2013 su\u0161eni komadi<\/p>\n<p>VEGAN &#8211; GLUTEN-FREE<\/p>\n<p>100% prirodne su\u0161ene kri\u0161ke kru\u0161ke bez aditiva, konzervansa i dodatih \u0161e\u0107era.<\/p>\n<p>Sve\u017ea kru\u0161ka, su\u0161ena na na niskoj temperaturi, prirodno slatka bez dodatka \u0161e\u0107era, puna vlakana, idealna za zdravu i brzu u\u017einu u \u0161koli,kancelariji, treningu.Preporu\u010dena doza do 30g idealna za dijabeti\u010dare i dijete.<\/p>\n<p>Sastav : 100% su\u0161ena kru\u0161ka<br \/>\n\u010cuvati na suvom i sobnoj temperaturi<br \/>\nRok upotrebe : 01.07.2026<br \/>\nLOT : 509108<\/p>\n","protected":false},"featured_media":12141,"template":"","meta":[],"product_brand":[],"product_cat":[166],"product_tag":[],"class_list":{"0":"post-12136","1":"product","2":"type-product","3":"status-publish","4":"has-post-thumbnail","6":"product_cat-suseno-voce","8":"first","9":"instock","10":"shipping-taxable","11":"purchasable","12":"product-type-simple"},"jetpack_sharing_enabled":true,"_links":{"self":[{"href":"https:\/\/jakovov.com\/prirodniprah\/wp-json\/wp\/v2\/product\/12136","targetHints":{"allow":["GET"]}}],"collection":[{"href":"https:\/\/jakovov.com\/prirodniprah\/wp-json\/wp\/v2\/product"}],"about":[{"href":"https:\/\/jakovov.com\/prirodniprah\/wp-json\/wp\/v2\/types\/product"}],"wp:featuredmedia":[{"embeddable":true,"href":"https:\/\/jakovov.com\/prirodniprah\/wp-json\/wp\/v2\/media\/12141"}],"wp:attachment":[{"href":"https:\/\/jakovov.com\/prirodniprah\/wp-json\/wp\/v2\/media?parent=12136"}],"wp:term":[{"taxonomy":"product_brand","embeddable":true,"href":"https:\/\/jakovov.com\/prirodniprah\/wp-json\/wp\/v2\/product_brand?post=12136"},{"taxonomy":"product_cat","embeddable":true,"href":"https:\/\/jakovov.com\/prirodniprah\/wp-json\/wp\/v2\/product_cat?post=12136"},{"taxonomy":"product_tag","embeddable":true,"href":"https:\/\/jakovov.com\/prirodniprah\/wp-json\/wp\/v2\/product_tag?post=12136"}],"curies":[{"name":"wp","href":"https:\/\/api.w.org\/{rel}","templated":true}]}}