{"id":11458,"date":"2025-01-01T20:05:35","date_gmt":"2025-01-01T20:05:35","guid":{"rendered":"https:\/\/jakovov.com\/prirodniprah\/?post_type=product&#038;p=11458"},"modified":"2025-12-07T19:19:24","modified_gmt":"2025-12-07T19:19:24","slug":"jakovov-prah-brasno-od-malina","status":"publish","type":"product","link":"https:\/\/jakovov.com\/prirodniprah\/proizvodi\/jakovov-prah-brasno-od-malina\/","title":{"rendered":"Jakovov prah &#8211; bra\u0161no od malina"},"content":{"rendered":"<p><span style=\"color: #333333;\">Energetska vrednost: <strong>758,4 kj \/ 180 kcal<\/strong><\/span><\/p>\n<div class=\"eltdf-separator-holder clearfix  eltdf-separator-left eltdf-separator-normal\">\n\t<div class=\"eltdf-separator\" style=\"border-color: #13bbba;border-style: solid;width: 350px;border-bottom-width: 1px\"><\/div>\n<\/div>\n\n<p><span style=\"color: #333333;\">Masti: <strong>5,02<\/strong> * od kojih zasi\u0107ene masne kiseline <strong>0,61<\/strong><\/span><\/p>\n<div class=\"eltdf-separator-holder clearfix  eltdf-separator-left eltdf-separator-normal\">\n\t<div class=\"eltdf-separator\" style=\"border-color: #13bbba;border-style: solid;width: 350px;border-bottom-width: 1px\"><\/div>\n<\/div>\n\n<p><span style=\"color: #333333;\">Ugljeni hidrati: <strong>25,38<\/strong> * od kojih se\u0107eri: <strong>25,38<\/strong><\/span><\/p>\n<div class=\"eltdf-separator-holder clearfix  eltdf-separator-left eltdf-separator-normal\">\n\t<div class=\"eltdf-separator\" style=\"border-color: #13bbba;border-style: solid;width: 350px;border-bottom-width: 1px\"><\/div>\n<\/div>\n\n<p><span style=\"color: #333333;\">Proteini: <strong>\u00a02,78<\/strong><\/span><\/p>\n<div class=\"eltdf-separator-holder clearfix  eltdf-separator-left eltdf-separator-normal\">\n\t<div class=\"eltdf-separator\" style=\"border-color: #13bbba;border-style: solid;width: 350px;border-bottom-width: 1px\"><\/div>\n<\/div>\n\n<p><span style=\"color: #333333;\">So: <strong>0,04<\/strong><\/span><\/p>\n<div class=\"eltdf-separator-holder clearfix  eltdf-separator-left eltdf-separator-normal\">\n\t<div class=\"eltdf-separator\" style=\"border-color: #13bbba;border-style: solid;width: 350px;border-bottom-width: 1px\"><\/div>\n<\/div>\n\n<p><span style=\"color: #333333;\">ROK UPOTREBE: Utisnuto na omotu<\/span><br \/>\n<span style=\"color: #333333;\"><strong>\u010cuvati na temperaturi do 25\u00b0C<\/strong><\/span><\/p>\n<div class=\"eltdf-separator-holder clearfix  eltdf-separator-left eltdf-separator-normal\">\n\t<div class=\"eltdf-separator\" style=\"border-color: #13bbba;border-style: solid;width: 350px;border-bottom-width: 1px\"><\/div>\n<\/div>\n\n<p><span style=\"color: #333333;\">Zemlja porekla: Republika Srbija<\/span><\/p>\n","protected":false},"excerpt":{"rendered":"<h5><span style=\"color: #4bd4cd;\"><strong>Neto: 100gr<\/strong><\/span><\/h5>\n<p><strong>100% prirodan prah (bra\u0161no) od sve\u017ee maline bez ikakvih dodataka<\/strong>. Ne\u017eno su\u0161ena i mlevena malina sa sa\u010duvanim nutritivnim vrednostima ekvivalent je sve\u017eoj, 100 gr = 700 gr sve\u017ee maline. Rehidriranjem \u017eeljene koli\u010dine praha sa vodom dobijate (fil) zdrav dodatak za va\u0161e smutije, muslije, ka\u0161e, vo\u0107ne jogurte, sladolede, torte, kola\u010de, pite&#8230;<\/p>\n<p>Dodajte Jakovov prah va\u0161oj ishrani i kuhinji.<\/p>\n<p>Sastojci: Malina u prahu (100%)<\/p>\n<div id=\"gtx-trans\" style=\"position: absolute; left: 0px; top: 37.3438px;\">\n<div class=\"gtx-trans-icon\"><\/div>\n<\/div>\n","protected":false},"featured_media":11711,"template":"","meta":[],"product_brand":[],"product_cat":[102],"product_tag":[],"class_list":{"0":"post-11458","1":"product","2":"type-product","3":"status-publish","4":"has-post-thumbnail","6":"product_cat-prah-brasno","8":"first","9":"instock","10":"shipping-taxable","11":"purchasable","12":"product-type-simple"},"jetpack_sharing_enabled":true,"_links":{"self":[{"href":"https:\/\/jakovov.com\/prirodniprah\/wp-json\/wp\/v2\/product\/11458","targetHints":{"allow":["GET"]}}],"collection":[{"href":"https:\/\/jakovov.com\/prirodniprah\/wp-json\/wp\/v2\/product"}],"about":[{"href":"https:\/\/jakovov.com\/prirodniprah\/wp-json\/wp\/v2\/types\/product"}],"wp:featuredmedia":[{"embeddable":true,"href":"https:\/\/jakovov.com\/prirodniprah\/wp-json\/wp\/v2\/media\/11711"}],"wp:attachment":[{"href":"https:\/\/jakovov.com\/prirodniprah\/wp-json\/wp\/v2\/media?parent=11458"}],"wp:term":[{"taxonomy":"product_brand","embeddable":true,"href":"https:\/\/jakovov.com\/prirodniprah\/wp-json\/wp\/v2\/product_brand?post=11458"},{"taxonomy":"product_cat","embeddable":true,"href":"https:\/\/jakovov.com\/prirodniprah\/wp-json\/wp\/v2\/product_cat?post=11458"},{"taxonomy":"product_tag","embeddable":true,"href":"https:\/\/jakovov.com\/prirodniprah\/wp-json\/wp\/v2\/product_tag?post=11458"}],"curies":[{"name":"wp","href":"https:\/\/api.w.org\/{rel}","templated":true}]}}