{"id":11266,"date":"2025-01-05T20:52:49","date_gmt":"2025-01-05T20:52:49","guid":{"rendered":"https:\/\/jakovov.com\/prirodniprah\/?post_type=product&#038;p=11266"},"modified":"2025-12-07T19:23:54","modified_gmt":"2025-12-07T19:23:54","slug":"jakovov-prah-brasno-od-jagoda","status":"publish","type":"product","link":"https:\/\/jakovov.com\/prirodniprah\/proizvodi\/jakovov-prah-brasno-od-jagoda\/","title":{"rendered":"Jakovov prah &#8211; bra\u0161no od jagoda"},"content":{"rendered":"<p><span style=\"color: #333333;\">Energetska vrednost: 1029 kj \/ 243 kcal<\/span><\/p>\n<div class=\"eltdf-separator-holder clearfix  eltdf-separator-left eltdf-separator-normal\">\n\t<div class=\"eltdf-separator\" style=\"border-color: #13bbba;border-style: solid;width: 350px;border-bottom-width: 1px\"><\/div>\n<\/div>\n\n<p><span style=\"color: #333333;\">Masti: <strong>\u00a03,48<\/strong> * od kojih zasi\u0107ene masne kiseline <strong>0,31<\/strong><\/span><\/p>\n<div class=\"eltdf-separator-holder clearfix  eltdf-separator-left eltdf-separator-normal\">\n\t<div class=\"eltdf-separator\" style=\"border-color: #13bbba;border-style: solid;width: 350px;border-bottom-width: 1px\"><\/div>\n<\/div>\n\n<p><span style=\"color: #333333;\">Ugljeni hidrati: <strong>44,24<\/strong> * od kojih se\u0107eri <strong>44,24<\/strong><\/span><\/p>\n<div class=\"eltdf-separator-holder clearfix  eltdf-separator-left eltdf-separator-normal\">\n\t<div class=\"eltdf-separator\" style=\"border-color: #13bbba;border-style: solid;width: 350px;border-bottom-width: 1px\"><\/div>\n<\/div>\n\n<p><span style=\"color: #333333;\">Proteini: <strong>8,71<\/strong><\/span><\/p>\n<div class=\"eltdf-separator-holder clearfix  eltdf-separator-left eltdf-separator-normal\">\n\t<div class=\"eltdf-separator\" style=\"border-color: #13bbba;border-style: solid;width: 350px;border-bottom-width: 1px\"><\/div>\n<\/div>\n\n<p><span style=\"color: #333333;\">So: <strong>0,03<\/strong><\/span><\/p>\n<div class=\"eltdf-separator-holder clearfix  eltdf-separator-left eltdf-separator-normal\">\n\t<div class=\"eltdf-separator\" style=\"border-color: #13bbba;border-style: solid;width: 350px;border-bottom-width: 1px\"><\/div>\n<\/div>\n\n<p><span style=\"color: #333333;\">ROK UPOTREBE: Utisnuto na omotu<\/span><br \/>\n<span style=\"color: #333333;\"><strong>\u010cuvati na temperaturi do 25\u00b0C<\/strong><\/span><\/p>\n<div class=\"eltdf-separator-holder clearfix  eltdf-separator-left eltdf-separator-normal\">\n\t<div class=\"eltdf-separator\" style=\"border-color: #13bbba;border-style: solid;width: 350px;border-bottom-width: 1px\"><\/div>\n<\/div>\n\n<p><span style=\"color: #333333;\">Zemlja porekla: Republika Srbija<\/span><\/p>\n","protected":false},"excerpt":{"rendered":"<h5><span style=\"color: #4bd4cd;\"><strong>Neto: 100gr<\/strong><\/span><\/h5>\n<p><strong>100% prirodan prah (bra\u0161no) od sve\u017ee jagode bez ikakvih dodataka.<\/strong> Ne\u017eno su\u0161ena i mlevena jagoda sa sa\u010duvanim nutritivnim vrednostima ekvivalent je sve\u017eoj, 100 gr = 1100 gr sve\u017ee jagode. Rehidriranjem \u017eeljene koli\u010dine praha sa vodom dobijate (fil) zdrav dodatak za va\u0161e smutije, muslije, ka\u0161e, vo\u0107ne jogurte, sladolede, torte, kola\u010de, pite&#8230;<\/p>\n<p>Sastojci: Jagoda u prahu (100%).<\/p>\n<p>Dodajte Jakovov prah va\u0161oj ishrani i kuhinji.<\/p>\n","protected":false},"featured_media":11704,"template":"","meta":[],"product_brand":[],"product_cat":[102],"product_tag":[],"class_list":{"0":"post-11266","1":"product","2":"type-product","3":"status-publish","4":"has-post-thumbnail","6":"product_cat-prah-brasno","8":"first","9":"outofstock","10":"shipping-taxable","11":"product-type-simple"},"jetpack_sharing_enabled":true,"_links":{"self":[{"href":"https:\/\/jakovov.com\/prirodniprah\/wp-json\/wp\/v2\/product\/11266","targetHints":{"allow":["GET"]}}],"collection":[{"href":"https:\/\/jakovov.com\/prirodniprah\/wp-json\/wp\/v2\/product"}],"about":[{"href":"https:\/\/jakovov.com\/prirodniprah\/wp-json\/wp\/v2\/types\/product"}],"wp:featuredmedia":[{"embeddable":true,"href":"https:\/\/jakovov.com\/prirodniprah\/wp-json\/wp\/v2\/media\/11704"}],"wp:attachment":[{"href":"https:\/\/jakovov.com\/prirodniprah\/wp-json\/wp\/v2\/media?parent=11266"}],"wp:term":[{"taxonomy":"product_brand","embeddable":true,"href":"https:\/\/jakovov.com\/prirodniprah\/wp-json\/wp\/v2\/product_brand?post=11266"},{"taxonomy":"product_cat","embeddable":true,"href":"https:\/\/jakovov.com\/prirodniprah\/wp-json\/wp\/v2\/product_cat?post=11266"},{"taxonomy":"product_tag","embeddable":true,"href":"https:\/\/jakovov.com\/prirodniprah\/wp-json\/wp\/v2\/product_tag?post=11266"}],"curies":[{"name":"wp","href":"https:\/\/api.w.org\/{rel}","templated":true}]}}