{"id":11260,"date":"2025-01-03T20:45:47","date_gmt":"2025-01-03T20:45:47","guid":{"rendered":"https:\/\/jakovov.com\/prirodniprah\/?post_type=product&#038;p=11260"},"modified":"2026-01-02T14:57:16","modified_gmt":"2026-01-02T14:57:16","slug":"prah-brasno-od-jabuka","status":"publish","type":"product","link":"https:\/\/jakovov.com\/prirodniprah\/proizvodi\/prah-brasno-od-jabuka\/","title":{"rendered":"Jakovov prah &#8211; bra\u0161no od jabuka"},"content":{"rendered":"<p>Energetska vrednost: <strong>1591 kj \/ 375 kcal<\/strong><\/p>\n<div class=\"eltdf-separator-holder clearfix  eltdf-separator-left eltdf-separator-normal\">\n\t<div class=\"eltdf-separator\" style=\"border-color: #13bbba;border-style: solid;width: 350px;border-bottom-width: 1px\"><\/div>\n<\/div>\n\n<p>Masti: <strong>0,85 <\/strong>* od kojih zasi\u0107ene masne kiseline <strong>0,2<\/strong><\/p>\n<div class=\"eltdf-separator-holder clearfix  eltdf-separator-left eltdf-separator-normal\">\n\t<div class=\"eltdf-separator\" style=\"border-color: #13bbba;border-style: solid;width: 350px;border-bottom-width: 1px\"><\/div>\n<\/div>\n\n<p>Ugljeni hidrati: <strong>86,33<\/strong> * od kojih se\u0107eri <strong>59,29<\/strong><\/p>\n<div class=\"eltdf-separator-holder clearfix  eltdf-separator-left eltdf-separator-normal\">\n\t<div class=\"eltdf-separator\" style=\"border-color: #13bbba;border-style: solid;width: 350px;border-bottom-width: 1px\"><\/div>\n<\/div>\n\n<p>Proteini: <strong>5,41<\/strong><\/p>\n<div class=\"eltdf-separator-holder clearfix  eltdf-separator-left eltdf-separator-normal\">\n\t<div class=\"eltdf-separator\" style=\"border-color: #13bbba;border-style: solid;width: 350px;border-bottom-width: 1px\"><\/div>\n<\/div>\n\n<p>So: <strong>0,07<\/strong><\/p>\n<div class=\"eltdf-separator-holder clearfix  eltdf-separator-left eltdf-separator-normal\">\n\t<div class=\"eltdf-separator\" style=\"border-color: #13bbba;border-style: solid;width: 350px;border-bottom-width: 1px\"><\/div>\n<\/div>\n\n<p>ROK UPOTREBE: Utisnuto na omotu<br \/>\n<strong>\u010cuvati na temperaturi do 25\u00b0C<\/strong><\/p>\n<div class=\"eltdf-separator-holder clearfix  eltdf-separator-left eltdf-separator-normal\">\n\t<div class=\"eltdf-separator\" style=\"border-color: #13bbba;border-style: solid;width: 350px;border-bottom-width: 1px\"><\/div>\n<\/div>\n\n<p>Zemlja porekla: Republika Srbija<\/p>\n","protected":false},"excerpt":{"rendered":"<h5><span style=\"color: #4bd4cd;\"><strong>Neto: 100g<\/strong><\/span><\/h5>\n<p><strong>100% prirodan prah (bra\u0161no) od sve\u017ee jabuke, bez ikakvih dodataka.<\/strong> Ne\u017eno su\u0161ena i mlevena jabuka sa sa\u010duvanim nutritivnim vrednostima ekvivalent je sve\u017eoj, 100g=700g sve\u017ee jabuke. Rehidriranjem \u017eeljene koli\u010dine praha sa vodom dobijate (fil) zdrav dodatak za va\u0161e smutije, muslije, ka\u0161e, vo\u0107ne jogurte, sladolede, torte, kola\u010de, pite&#8230;<\/p>\n<p>Dodajte Jakovov prah va\u0161oj ishrani i kuhinji.<\/p>\n<p>Sastojci: Jabuka u prahu (100%)<\/p>\n<div id=\"gtx-trans\" style=\"position: absolute; left: -19px; top: 37.3438px;\">\n<div class=\"gtx-trans-icon\"><\/div>\n<\/div>\n","protected":false},"featured_media":11703,"template":"","meta":[],"product_brand":[],"product_cat":[102],"product_tag":[],"class_list":{"0":"post-11260","1":"product","2":"type-product","3":"status-publish","4":"has-post-thumbnail","6":"product_cat-prah-brasno","8":"first","9":"instock","10":"shipping-taxable","11":"purchasable","12":"product-type-simple"},"jetpack_sharing_enabled":true,"_links":{"self":[{"href":"https:\/\/jakovov.com\/prirodniprah\/wp-json\/wp\/v2\/product\/11260","targetHints":{"allow":["GET"]}}],"collection":[{"href":"https:\/\/jakovov.com\/prirodniprah\/wp-json\/wp\/v2\/product"}],"about":[{"href":"https:\/\/jakovov.com\/prirodniprah\/wp-json\/wp\/v2\/types\/product"}],"wp:featuredmedia":[{"embeddable":true,"href":"https:\/\/jakovov.com\/prirodniprah\/wp-json\/wp\/v2\/media\/11703"}],"wp:attachment":[{"href":"https:\/\/jakovov.com\/prirodniprah\/wp-json\/wp\/v2\/media?parent=11260"}],"wp:term":[{"taxonomy":"product_brand","embeddable":true,"href":"https:\/\/jakovov.com\/prirodniprah\/wp-json\/wp\/v2\/product_brand?post=11260"},{"taxonomy":"product_cat","embeddable":true,"href":"https:\/\/jakovov.com\/prirodniprah\/wp-json\/wp\/v2\/product_cat?post=11260"},{"taxonomy":"product_tag","embeddable":true,"href":"https:\/\/jakovov.com\/prirodniprah\/wp-json\/wp\/v2\/product_tag?post=11260"}],"curies":[{"name":"wp","href":"https:\/\/api.w.org\/{rel}","templated":true}]}}