{"id":5337,"date":"2016-11-23T10:25:05","date_gmt":"2016-11-23T10:25:05","guid":{"rendered":"http:\/\/superfood.elated-themes.com\/?page_id=5337"},"modified":"2020-06-29T08:26:19","modified_gmt":"2020-06-29T08:26:19","slug":"o-nama","status":"publish","type":"page","link":"https:\/\/jakovov.com\/prirodniprah\/o-nama\/","title":{"rendered":"O nama"},"content":{"rendered":"<p>[vc_row css=&#8221;.vc_custom_1484141648234{padding-top: 100px !important;padding-bottom: 121px !important;}&#8221;][vc_column css=&#8221;.vc_custom_1474454833553{padding-top: 0px !important;}&#8221;][vc_row_inner row_content_width=&#8221;grid&#8221;][vc_column_inner][vc_column_text]<\/p>\n<h3 style=\"text-align: center;\"><span style=\"color: #363636; font-size: 30px; line-height: 36px; font-weight: bold;\">100% prirodno, bez aditiva!<\/span><\/h3>\n<p>[\/vc_column_text][vc_column_text]<\/p>\n<div class=\"eltdf-is-item eltdf-is-left eltdf-appeared\">\n<div class=\"eltdf-is-content\">\n<h4 class=\"eltdf-is-text\" style=\"text-align: center;\">JAKOVOVA prah &#8211; bra\u0161na kao i pota\u017ei su dobijeni procesom dehidriranja. Bez ikakvih dodataka, aditiva, aroma, \u0161e\u0107era, konzervansa njihov sastav \u010dine isklju\u010divo vo\u0107e i povr\u0107e. Proizvo\u0111a\u010d bra\u0161na je Milinas Pro, sme\u0161ten u \u0160evaricama, u netaknutoj prirodi, gde se posebna pa\u017enja posve\u0107uje svakom procesu proizvodnje.<\/h4>\n<\/div>\n<\/div>\n<div class=\"eltdf-is-item eltdf-is-left eltdf-appeared\">\n<h4 class=\"eltdf-is-content\" style=\"text-align: center;\"><\/h4>\n<\/div>\n<p>[\/vc_column_text][\/vc_column_inner][\/vc_row_inner][\/vc_column][\/vc_row][vc_row][vc_column]<div class=\"eltdf-elements-holder eltdf-two-columns eltdf-responsive-mode-1024\" ><div class=\"eltdf-eh-item eltdf-vertical-alignment-top eltdf-flip-in\" data-item-class=\"eltdf-eh-custom-711938\" data-1280-1600=\"348px 0 348px 0\" data-1024-1280=\"348px 0 348px 0\" data-animation=\"eltdf-flip-in\">\n\t<div class=\"eltdf-eh-item-inner\" style=\"background-image: url(https:\/\/jakovov.com\/prirodniprah\/wp-content\/uploads\/2020\/06\/prahbrasnoodjagoe.jpg)\">\n\t\t<div class=\"eltdf-eh-item-content eltdf-eh-custom-711938\" style=\"padding: 320px 0 400px 0\">\n\t\t\t\t\t<\/div>\n\t<\/div>\n<\/div><div class=\"eltdf-eh-item eltdf-horizontal-alignment-center\" data-item-class=\"eltdf-eh-custom-937638\" data-1280-1600=\"112px 11% 62px 11%\" data-1024-1280=\"112px 11% 62px 11%\" data-768-1024=\"130px 19% 0px 19%\" data-600-768=\"130px 18% 0px 18%\" >\n\t<div class=\"eltdf-eh-item-inner\" style=\"background-color: #f7f5f2\">\n\t\t<div class=\"eltdf-eh-item-content eltdf-eh-custom-937638\" style=\"padding: 87px 18% 37px 18%\">\n\t\t\t[vc_row_inner][vc_column_inner width=&#8221;1\/2&#8243;]<div class=\"eltdf-iwt clearfix eltdf-iwt-icon-top eltdf-iwt-icon-medium\">\n    <div class=\"eltdf-iwt-icon\">\n                                    <img loading=\"lazy\" decoding=\"async\" width=\"100\" height=\"100\" src=\"https:\/\/jakovov.com\/prirodniprah\/wp-content\/uploads\/2020\/06\/bezglutena.png\" class=\"attachment-full size-full\" alt=\"\" \/>                        <\/div>\n    <div class=\"eltdf-iwt-content\" >\n\t    \t        <h3 class=\"eltdf-iwt-title\" >\n\t\t\t    \t               Bez glutena\t\t\t                <\/h3>\n\t    \t\t            <p class=\"eltdf-iwt-text\" >Proizvode Jakovov mogu da konzumiraju osobe intolerantne na gluten i one koje su osetljive na gluten.<\/p>\n\t\t    <\/div>\n<\/div>[vc_empty_space height=&#8221;50px&#8221;][\/vc_column_inner][vc_column_inner width=&#8221;1\/2&#8243;]<div class=\"eltdf-iwt clearfix eltdf-iwt-icon-top eltdf-iwt-icon-medium\">\n    <div class=\"eltdf-iwt-icon\">\n                                    <img loading=\"lazy\" decoding=\"async\" width=\"100\" height=\"100\" src=\"https:\/\/jakovov.com\/prirodniprah\/wp-content\/uploads\/2020\/06\/bezsecera-1.png\" class=\"attachment-full size-full\" alt=\"\" \/>                        <\/div>\n    <div class=\"eltdf-iwt-content\" >\n\t    \t        <h3 class=\"eltdf-iwt-title\" >\n\t\t\t    \t               Bez dodatih \u0161e\u0107era\t\t\t                <\/h3>\n\t    \t\t            <p class=\"eltdf-iwt-text\" >Jakovov proizvodi ne poseduju dodatne \u0161e\u0107ere, ve\u0107 samo potpuno prirodne \u0161e\u0107ere iz vo\u0107a i povr\u0107a.<\/p>\n\t\t    <\/div>\n<\/div>[vc_empty_space height=&#8221;50px&#8221;][\/vc_column_inner][\/vc_row_inner][vc_row_inner][vc_column_inner width=&#8221;1\/2&#8243;]<div class=\"eltdf-iwt clearfix eltdf-iwt-icon-top eltdf-iwt-icon-medium\">\n    <div class=\"eltdf-iwt-icon\">\n                                    <img loading=\"lazy\" decoding=\"async\" width=\"100\" height=\"100\" src=\"https:\/\/jakovov.com\/prirodniprah\/wp-content\/uploads\/2020\/06\/gmo.png\" class=\"attachment-full size-full\" alt=\"\" \/>                        <\/div>\n    <div class=\"eltdf-iwt-content\" >\n\t    \t        <h3 class=\"eltdf-iwt-title\" >\n\t\t\t    \t               NO GMO\t\t\t                <\/h3>\n\t    \t\t            <p class=\"eltdf-iwt-text\" >Proizvodi su uzgajani u na\u0161ih vo\u0107njacima, potpuno prirodnim putem bez ikakvog genetskog in\u017eenjeringa.<\/p>\n\t\t    <\/div>\n<\/div>[vc_empty_space height=&#8221;50px&#8221;][\/vc_column_inner][vc_column_inner width=&#8221;1\/2&#8243;]<div class=\"eltdf-iwt clearfix eltdf-iwt-icon-top eltdf-iwt-icon-medium\">\n    <div class=\"eltdf-iwt-icon\">\n                                    <img loading=\"lazy\" decoding=\"async\" width=\"100\" height=\"100\" src=\"https:\/\/jakovov.com\/prirodniprah\/wp-content\/uploads\/2020\/06\/bezalergena.png\" class=\"attachment-full size-full\" alt=\"\" \/>                        <\/div>\n    <div class=\"eltdf-iwt-content\" >\n\t    \t        <h3 class=\"eltdf-iwt-title\" >\n\t\t\t    \t               Bez alergena\t\t\t                <\/h3>\n\t    \t\t            <p class=\"eltdf-iwt-text\" >Prah - bra\u0161na Jakovov ne sadr\u017ee u svom sastavu alergene.<\/p>\n\t\t    <\/div>\n<\/div>[vc_empty_space height=&#8221;50px&#8221;][\/vc_column_inner][\/vc_row_inner]\t\t<\/div>\n\t<\/div>\n<\/div><\/div>[\/vc_column][\/vc_row][vc_row][vc_column]<div class=\"eltdf-elements-holder eltdf-two-columns eltdf-responsive-mode-1024\" ><div class=\"eltdf-eh-item eltdf-horizontal-alignment-center\" data-item-class=\"eltdf-eh-custom-358702\" data-1280-1600=\"158px 7% 158px 7%\" data-1024-1280=\"158px 7% 158px 7%\" data-768-1024=\"33px 14% 127px 14%\" data-480=\"0px 17% 127px 17%\" >\n\t<div class=\"eltdf-eh-item-inner\" style=\"background-color: #f7f5f2\">\n\t\t<div class=\"eltdf-eh-item-content eltdf-eh-custom-358702\" style=\"padding: 127px 17% 127px 17%\">\n\t\t\t[vc_custom_heading text=&#8221;O prah bra\u0161nu&#8221; font_container=&#8221;tag:h6|font_size:40|text_align:center|line_height:36px&#8221; google_fonts=&#8221;font_family:Signika%3A300%2Cregular%2C600%2C700|font_style:600%20bold%20regular%3A600%3Anormal&#8221;][vc_column_text]<strong>Razlika izme\u0111u vo\u0107nog praha i sve\u017eeg vo\u0107a?<\/strong><br \/>\nPrah bra\u0161no je novi na\u010din da ljudi dobiju vitamine i hranjive sastojke svaki dan. Vo\u0107ni prah je vo\u0107e koje je dehidrirano, a potom mleveno u prah. Vo\u0107ni prah sadr\u017ei samo jednu vrstu vo\u0107a.<\/p>\n<p>Prah bra\u0161no se lako \u010duva, transportuje, \u010duva i koristi, i traje mnogo du\u017ee od obi\u010dnog vo\u0107a.<\/p>\n<p><strong>Da li je prah bra\u0161no od vo\u0107a hranjivo kao pravo vo\u0107e?<\/strong><br \/>\nU zavisnosti od na\u010dina su\u0161enja, vo\u0107ni prahovi mogu zadr\u017eati ve\u0107inu svojih vitamina i hranljivih materija tokom procesa proizvodnje praha.<\/p>\n<p>Prilikom su\u0161enja vo\u0107a ne elimini\u0161e se ve\u0107ina vlakana, \u0161to poma\u017ee telu da se ose\u0107a sna\u017enjije i omogu\u0107ava bolju probavu.<\/p>\n<p>Vo\u0107ni prah \u010dine izvrsnu zamenu za je \u0161e\u0107er. Na primer, ka\u0161i\u010dica vo\u0107nog praha u \u010da\u0161i vode je bolji izbor od pijenja gaziranog ili negaziranog soka, a istovremeno vam daje korisne hranjive sastojke. Iako su vo\u0107ni prahovi bogati kalorijama, oni imaju prednost kao zdrava alternativa za hranu koja sadr\u017ei vi\u0161e kalorija.<\/p>\n<p><strong>Kako koristiti vo\u0107ni prah?<\/strong><br \/>\nJedna od najboljih stvari o vo\u0107nim prahovima, ili prah bra\u0161nima je njihova svestranost. Po\u0161to nemaju dodani \u0161e\u0107er, zasla\u0111iva\u010de, konzervanse, boje ili arome, oni su savr\u0161en dodatak bilo kojem desertu, sladoledu, smutiju ili sosu.<\/p>\n<p>Oni mogu zameniti ve\u0161ta\u010dku aromu u gotovo svemu, ali posebno u dezertima. Dodajte ga jogurtu, sve\u017eem vo\u0107nom ili povrtnom soku ili \u010dak pahuljicama za vo\u0107ni ukus. Sa vo\u0107nim prahom mogu\u0107nosti su beskrajne.<\/p>\n<div id=\"gtx-trans\" style=\"position: absolute; left: 347px; top: 414px;\">\n<div class=\"gtx-trans-icon\"><\/div>\n<\/div>\n<p>[\/vc_column_text]\t\t<\/div>\n\t<\/div>\n<\/div><div class=\"eltdf-eh-item eltdf-vertical-alignment-top eltdf-horizontal-alignment-right eltdf-flip-in\" data-item-class=\"eltdf-eh-custom-848369\" data-1280-1600=\"371px 0 371px 0\" data-1024-1280=\"371px 0 371px 0\" data-animation=\"eltdf-flip-in\" data-animation-delay=\"300\">\n\t<div class=\"eltdf-eh-item-inner\" style=\"background-image: url(https:\/\/jakovov.com\/prirodniprah\/wp-content\/uploads\/2020\/06\/jakovovproizvodi-1.jpg)\">\n\t\t<div class=\"eltdf-eh-item-content eltdf-eh-custom-848369\" style=\"padding: 340px 0 585px 0\">\n\t\t\t\t\t<\/div>\n\t<\/div>\n<\/div><\/div>[\/vc_column][\/vc_row][vc_row row_content_width=&#8221;grid&#8221; css=&#8221;.vc_custom_1592737070077{margin-top: 50px !important;margin-bottom: 50px !important;}&#8221;][vc_column width=&#8221;1\/6&#8243; css=&#8221;.vc_custom_1474468206249{padding-top: 0px !important;}&#8221;][\/vc_column][vc_column width=&#8221;2\/3&#8243;][vc_empty_space height=&#8221;35&#8243;][vc_column_text]<\/p>\n<p style=\"text-align: center;\">Sve proizvode mozete kupiti putem intenet prodavnice na na\u0161em website-u!<\/p>\n<p>[\/vc_column_text][vc_empty_space height=&#8221;7&#8243;][vc_btn title=&#8221;Poru\u010dite&#8221; style=&#8221;flat&#8221; color=&#8221;turquoise&#8221; size=&#8221;lg&#8221; align=&#8221;center&#8221; i_icon_fontawesome=&#8221;fas fa-shopping-cart&#8221; css_animation=&#8221;bounceIn&#8221; button_block=&#8221;true&#8221; add_icon=&#8221;true&#8221; link=&#8221;url:https%3A%2F%2Fjakovov.com%2Fprirodniprah%2Fprah-brasna%2Fprah-brasno%2F|title:Online%20prodaja||&#8221;][\/vc_column][vc_column width=&#8221;1\/6&#8243;][\/vc_column][\/vc_row][vc_row el_class=&#8221;elated-custom-button-class&#8221;][vc_column css=&#8221;.vc_custom_1474296714333{padding-top: 0px !important;}&#8221;][vc_row_inner css=&#8221;.vc_custom_1483532586925{margin-right: 0px !important;margin-left: 0px !important;padding-top: 0px !important;padding-bottom: 0px !important;background-color: #f7f4f0 !important;}&#8221;][vc_column_inner offset=&#8221;vc_col-lg-3 vc_col-md-12&#8243; css=&#8221;.vc_custom_1483540839676{padding-right: 0px !important;padding-left: 0px !important;}&#8221;]<div class=\"eltdf-elements-holder eltdf-responsive-mode-768\" ><div class=\"eltdf-eh-item \" data-item-class=\"eltdf-eh-custom-475144\" data-1280-1600=\"32px 10% 36px 11%\" data-1024-1280=\"15px 7% 13px 9%\" data-768-1024=\"46px 7% 83px 9%\" data-600-768=\"46px 7% 83px 9%\" data-480-600=\"46px 7% 83px 9%\" data-480=\"46px 7% 83px 9%\" >\n\t<div class=\"eltdf-eh-item-inner\" style=\"background-color: #f7f5f2\">\n\t\t<div class=\"eltdf-eh-item-content eltdf-eh-custom-475144\" style=\"padding: 107px 15% 100px 15%\">\n\t\t\t[vc_column_text]<\/p>\n<h3>Na\u0161i proizvodi!<\/h3>\n<div id=\"gtx-trans\" style=\"position: absolute; left: -60px; top: 43.7188px;\">\n<div class=\"gtx-trans-icon\"><\/div>\n<\/div>\n<p>[\/vc_column_text][vc_empty_space height=&#8221;7&#8243;][vc_column_text]Dodavanjem 1-3 ka\u0161i\u010dice praha u ka\u0161u, jogurt, mleko, smuti, \u010daj, ili me\u0161anjem sa nekim drugim bezglutenskim bra\u0161nima dodajete pre svega zdrav suplement na brz i efikasan na\u010din. Rehidriranjem prah-bra\u0161na mo\u017eete napraviti sladoled, fil za kola\u010de, torte, pite (jabuka,bundeva) ili gusti sok na razbla\u017eivanje.[\/vc_column_text][vc_empty_space height=&#8221;17&#8243;]\t\t<\/div>\n\t<\/div>\n<\/div><\/div>[\/vc_column_inner][vc_column_inner css=&#8221;.vc_custom_1483540852828{padding-top: 0px !important;padding-right: 0px !important;padding-bottom: 0px !important;padding-left: 0px !important;}&#8221; offset=&#8221;vc_col-lg-9 vc_col-md-12&#8243;]<div class=\"eltdf-image-gallery\">\n\t<div class=\"eltdf-ig-slider \" data-number-of-visible-items=\"3\" data-autoplay=\"3\" data-animation=\"slide\" data-navigation=\"yes\" data-pagination=\"no\">\n\t\t\t\t\t\t\t\t\t\t\t<img loading=\"lazy\" decoding=\"async\" src=\"https:\/\/jakovov.com\/prirodniprah\/wp-content\/uploads\/2020\/06\/brasnoodleblebije-1000x1000.jpg\" alt=\"\" width=\"1000\" height=\"1000\" \/>\t\t\t\t\t\t\t\t\t\t\t\t\t\t\t\t<img loading=\"lazy\" decoding=\"async\" src=\"https:\/\/jakovov.com\/prirodniprah\/wp-content\/uploads\/2020\/06\/cipsjabukajakovov-1000x1000.jpg\" alt=\"\" width=\"1000\" height=\"1000\" \/>\t\t\t\t\t\t\t\t\t\t\t\t\t\t\t\t<img loading=\"lazy\" decoding=\"async\" src=\"https:\/\/jakovov.com\/prirodniprah\/wp-content\/uploads\/2020\/06\/jabuka-cipsjakovovov-1000x1000.jpg\" alt=\"\" width=\"1000\" height=\"1000\" \/>\t\t\t\t\t\t\t\t\t\t\t\t\t\t\t\t<img loading=\"lazy\" decoding=\"async\" src=\"https:\/\/jakovov.com\/prirodniprah\/wp-content\/uploads\/2020\/06\/kupinejakovovo-1000x1000.jpg\" alt=\"\" width=\"1000\" height=\"1000\" \/>\t\t\t\t\t\t\t\t\t\t\t\t\t\t\t\t<img loading=\"lazy\" decoding=\"async\" src=\"https:\/\/jakovov.com\/prirodniprah\/wp-content\/uploads\/2020\/06\/malineikupineprah-1000x1000.jpg\" alt=\"\" width=\"1000\" height=\"1000\" \/>\t\t\t\t\t\t\t\t\t\t\t\t\t\t\t\t<img loading=\"lazy\" decoding=\"async\" src=\"https:\/\/jakovov.com\/prirodniprah\/wp-content\/uploads\/2020\/06\/potay-1000x1000.jpg\" alt=\"\" width=\"1000\" height=\"1000\" \/>\t\t\t\t\t\t\t\t\t\t\t\t\t\t\t\t<img loading=\"lazy\" decoding=\"async\" src=\"https:\/\/jakovov.com\/prirodniprah\/wp-content\/uploads\/2020\/06\/pozazodbundeve-1000x1000.jpg\" alt=\"\" width=\"1000\" height=\"1000\" \/>\t\t\t\t\t\t\t\t\t\t\t\t\t\t\t\t<img loading=\"lazy\" decoding=\"async\" src=\"https:\/\/jakovov.com\/prirodniprah\/wp-content\/uploads\/2020\/06\/smuti-1000x1000.jpg\" alt=\"\" width=\"1000\" height=\"1000\" \/>\t\t\t\t\t\t\t\t\t\t\t\t\t\t\t\t<img loading=\"lazy\" decoding=\"async\" src=\"https:\/\/jakovov.com\/prirodniprah\/wp-content\/uploads\/2020\/06\/jakovovprahbrasnoodleblebije-1000x1000.jpg\" alt=\"\" width=\"1000\" height=\"1000\" \/>\t\t\t\t\t\t\t\t\t\t\t\t\t\t\t\t<img loading=\"lazy\" decoding=\"async\" src=\"https:\/\/jakovov.com\/prirodniprah\/wp-content\/uploads\/2020\/06\/jakovovjabuka-1000x1000.jpg\" alt=\"\" width=\"1000\" height=\"1000\" \/>\t\t\t\t\t\t\t\t\t\t\t\t\t\t\t\t<img loading=\"lazy\" decoding=\"async\" src=\"https:\/\/jakovov.com\/prirodniprah\/wp-content\/uploads\/2020\/06\/mlevenajagoda05-1000x1000.png\" alt=\"\" width=\"1000\" height=\"1000\" \/>\t\t\t\t\t\t\t\t\t\t\t\t\t\t\t\t<img loading=\"lazy\" decoding=\"async\" src=\"https:\/\/jakovov.com\/prirodniprah\/wp-content\/uploads\/2020\/06\/mlevenajagoda04-1000x1000.jpg\" alt=\"\" width=\"1000\" height=\"1000\" \/>\t\t\t\t\t\t\t\t\t\t\t\t\t\t\t\t<img loading=\"lazy\" decoding=\"async\" src=\"https:\/\/jakovov.com\/prirodniprah\/wp-content\/uploads\/2020\/06\/mlevenajagoda03-1000x1000.jpg\" alt=\"\" width=\"1000\" height=\"1000\" \/>\t\t\t\t\t\t\t\t\t\t\t\t\t\t\t\t<img loading=\"lazy\" decoding=\"async\" src=\"https:\/\/jakovov.com\/prirodniprah\/wp-content\/uploads\/2016\/09\/muskatnabundevaprah-1000x1000.jpg\" alt=\"\" width=\"1000\" height=\"1000\" \/>\t\t\t\t\t\t\t\t\t\t\t\t\t\t\t\t<img loading=\"lazy\" decoding=\"async\" src=\"https:\/\/jakovov.com\/prirodniprah\/wp-content\/uploads\/2020\/06\/mlevena-jabuka-jakovov2-1000x1000.jpg\" alt=\"\" width=\"1000\" height=\"1000\" \/>\t\t\t\t\t\t\t\t<\/div>\n<\/div>[vc_empty_space height=&#8221;50&#8243;][\/vc_column_inner][\/vc_row_inner][\/vc_column][\/vc_row]<\/p>\n","protected":false},"excerpt":{"rendered":"<p>[vc_row css=&#8221;.vc_custom_1484141648234{padding-top: 100px !important;padding-bottom: 121px !important;}&#8221;][vc_column css=&#8221;.vc_custom_1474454833553{padding-top: 0px !important;}&#8221;][vc_row_inner row_content_width=&#8221;grid&#8221;][vc_column_inner][vc_column_text] 100% prirodno, bez aditiva! [\/vc_column_text][vc_column_text] JAKOVOVA prah &#8211; bra\u0161na kao i pota\u017ei su dobijeni procesom dehidriranja. Bez ikakvih dodataka, aditiva, aroma, \u0161e\u0107era, konzervansa njihov sastav \u010dine isklju\u010divo vo\u0107e i povr\u0107e. Proizvo\u0111a\u010d bra\u0161na je Milinas Pro, [&hellip;]<\/p>\n","protected":false},"author":1,"featured_media":0,"parent":0,"menu_order":0,"comment_status":"closed","ping_status":"closed","template":"full-width.php","meta":{"footnotes":""},"class_list":["post-5337","page","type-page","status-publish","hentry"],"jetpack_sharing_enabled":true,"_links":{"self":[{"href":"https:\/\/jakovov.com\/prirodniprah\/wp-json\/wp\/v2\/pages\/5337","targetHints":{"allow":["GET"]}}],"collection":[{"href":"https:\/\/jakovov.com\/prirodniprah\/wp-json\/wp\/v2\/pages"}],"about":[{"href":"https:\/\/jakovov.com\/prirodniprah\/wp-json\/wp\/v2\/types\/page"}],"author":[{"embeddable":true,"href":"https:\/\/jakovov.com\/prirodniprah\/wp-json\/wp\/v2\/users\/1"}],"replies":[{"embeddable":true,"href":"https:\/\/jakovov.com\/prirodniprah\/wp-json\/wp\/v2\/comments?post=5337"}],"version-history":[{"count":31,"href":"https:\/\/jakovov.com\/prirodniprah\/wp-json\/wp\/v2\/pages\/5337\/revisions"}],"predecessor-version":[{"id":11570,"href":"https:\/\/jakovov.com\/prirodniprah\/wp-json\/wp\/v2\/pages\/5337\/revisions\/11570"}],"wp:attachment":[{"href":"https:\/\/jakovov.com\/prirodniprah\/wp-json\/wp\/v2\/media?parent=5337"}],"curies":[{"name":"wp","href":"https:\/\/api.w.org\/{rel}","templated":true}]}}